{"id":2082,"date":"2021-02-26T19:04:16","date_gmt":"2021-02-26T18:04:16","guid":{"rendered":"https:\/\/www.metaverso.info\/new-site\/?page_id=2082"},"modified":"2025-07-18T12:30:22","modified_gmt":"2025-07-18T10:30:22","slug":"ict","status":"publish","type":"page","link":"https:\/\/metaverso.it\/website-2024\/works\/settori\/ict\/","title":{"rendered":"ICT"},"content":{"rendered":"\r\n<p>Potenziamo software ERP, DAM, CPQ e PIM con funzionalit\u00e0 di visualizzazione e organizzazione avanzate.<\/p>\r\n<p>Interfacciamo i nostri Viewer 3D WebGL con ogni tipo di applicazione per dare vita a rappresentazioni di dati in ambiente 3D.<\/p>\r\n<p>Aumentiamo retention e conversione delle piattaforme di E-Commerce con soluzioni personalizzate di configurazione prodotto e visualizzazione in AR e VR.<\/p>\r\n\r\n\r\n","protected":false},"excerpt":{"rendered":"<p>Potenziamo software ERP, DAM, CPQ e PIM con funzionalit\u00e0 di visualizzazione e organizzazione avanzate. Interfacciamo i nostri Viewer 3D WebGL con ogni tipo di applicazione per dare vita a rappresentazioni di dati in ambiente 3D. Aumentiamo retention e conversione delle piattaforme di E-Commerce con soluzioni personalizzate di configurazione prodotto e visualizzazione in AR e VR. [&#8230;]<\/p>\n<p><a class=\"btn btn-secondary understrap-read-more-link\" href=\"https:\/\/metaverso.it\/website-2024\/works\/settori\/ict\/\">Leggi tutto&#8230;<\/a><\/p>\n","protected":false},"author":3,"featured_media":2825,"parent":27,"menu_order":37,"comment_status":"closed","ping_status":"closed","template":"page-templates\/single-sector-service-page.php","meta":{"_acf_changed":false,"inline_featured_image":false,"footnotes":""},"class_list":["post-2082","page","type-page","status-publish","has-post-thumbnail","hentry"],"acf":[],"yoast_head":"<!-- This site is optimized with the Yoast SEO plugin v25.3.1 - https:\/\/yoast.com\/wordpress\/plugins\/seo\/ -->\n<title>ICT | Metaverso - visualizzatori Web 3D, Realt\u00e0 Aumentata e Realt\u00e0 Virtuale<\/title>\n<meta name=\"description\" content=\"Integriamo visualizzatori Web 3D, Realt\u00e0 Aumentata e Realt\u00e0 Virtuale con ERP, DAM e ogni tipo di applicazione online.\" \/>\n<meta name=\"robots\" content=\"index, follow, max-snippet:-1, max-image-preview:large, max-video-preview:-1\" \/>\n<link rel=\"canonical\" href=\"https:\/\/metaverso.it\/website-2024\/works\/settori\/ict\/\" \/>\n<meta property=\"og:locale\" content=\"it_IT\" \/>\n<meta property=\"og:type\" content=\"article\" \/>\n<meta property=\"og:title\" content=\"ICT | Metaverso - visualizzatori Web 3D, Realt\u00e0 Aumentata e Realt\u00e0 Virtuale\" \/>\n<meta property=\"og:description\" content=\"Integriamo visualizzatori Web 3D, Realt\u00e0 Aumentata e Realt\u00e0 Virtuale con ERP, DAM e ogni tipo di applicazione online.\" \/>\n<meta property=\"og:url\" content=\"https:\/\/metaverso.it\/website-2024\/works\/settori\/ict\/\" \/>\n<meta property=\"og:site_name\" content=\"Metaverso\" \/>\n<meta property=\"article:publisher\" content=\"https:\/\/it-it.facebook.com\/metaverso3D\/\" \/>\n<meta property=\"article:modified_time\" content=\"2025-07-18T10:30:22+00:00\" \/>\n<meta property=\"og:image\" content=\"https:\/\/metaverso.it\/website-2024\/wp-content\/uploads\/2021\/06\/Metaverso-Asolo-IT-Video-Rendering-applicazioni-interattive-AR-VR.jpg\" \/>\n\t<meta property=\"og:image:width\" content=\"1200\" \/>\n\t<meta property=\"og:image:height\" content=\"630\" \/>\n\t<meta property=\"og:image:type\" content=\"image\/jpeg\" \/>\n<meta name=\"twitter:card\" content=\"summary_large_image\" \/>\n<meta name=\"twitter:label1\" content=\"Tempo di lettura stimato\" \/>\n\t<meta name=\"twitter:data1\" content=\"1 minuto\" \/>\n<script type=\"application\/ld+json\" class=\"yoast-schema-graph\">{\"@context\":\"https:\/\/schema.org\",\"@graph\":[{\"@type\":\"WebPage\",\"@id\":\"https:\/\/metaverso.it\/website-2024\/works\/settori\/ict\/\",\"url\":\"https:\/\/metaverso.it\/website-2024\/works\/settori\/ict\/\",\"name\":\"ICT | Metaverso - visualizzatori Web 3D, Realt\u00e0 Aumentata e Realt\u00e0 Virtuale\",\"isPartOf\":{\"@id\":\"https:\/\/metaverso.it\/website-2024\/#website\"},\"primaryImageOfPage\":{\"@id\":\"https:\/\/metaverso.it\/website-2024\/works\/settori\/ict\/#primaryimage\"},\"image\":{\"@id\":\"https:\/\/metaverso.it\/website-2024\/works\/settori\/ict\/#primaryimage\"},\"thumbnailUrl\":\"https:\/\/metaverso.it\/website-2024\/wp-content\/uploads\/2021\/06\/Metaverso-Asolo-IT-Video-Rendering-applicazioni-interattive-AR-VR.jpg\",\"datePublished\":\"2021-02-26T18:04:16+00:00\",\"dateModified\":\"2025-07-18T10:30:22+00:00\",\"description\":\"Integriamo visualizzatori Web 3D, Realt\u00e0 Aumentata e Realt\u00e0 Virtuale con ERP, DAM e ogni tipo di applicazione online.\",\"breadcrumb\":{\"@id\":\"https:\/\/metaverso.it\/website-2024\/works\/settori\/ict\/#breadcrumb\"},\"inLanguage\":\"it-IT\",\"potentialAction\":[{\"@type\":\"ReadAction\",\"target\":[\"https:\/\/metaverso.it\/website-2024\/works\/settori\/ict\/\"]}]},{\"@type\":\"ImageObject\",\"inLanguage\":\"it-IT\",\"@id\":\"https:\/\/metaverso.it\/website-2024\/works\/settori\/ict\/#primaryimage\",\"url\":\"https:\/\/metaverso.it\/website-2024\/wp-content\/uploads\/2021\/06\/Metaverso-Asolo-IT-Video-Rendering-applicazioni-interattive-AR-VR.jpg\",\"contentUrl\":\"https:\/\/metaverso.it\/website-2024\/wp-content\/uploads\/2021\/06\/Metaverso-Asolo-IT-Video-Rendering-applicazioni-interattive-AR-VR.jpg\",\"width\":1200,\"height\":630,\"caption\":\"Una prospettiva dall'alto in bianco e nero di un salotto moderno, apparentemente generato al computer, con due mani robotiche che fluttuano in primo piano. La mano robotica pi\u00f9 vicina, sulla sinistra, tiene in mano due pannelli quadrati, uno nero e uno bianco con texture granulosa. Sullo sfondo, un divano angolare \u00e8 evidenziato da un sottile contorno bianco luminescente. Un tappeto morbido copre gran parte del pavimento, sotto un tavolino rotondo con alcuni oggetti. Si intravedono anche altri mobili e piante, con l'ambiente che suggerisce un rendering architettonico o un'interfaccia di design 3D.\"},{\"@type\":\"BreadcrumbList\",\"@id\":\"https:\/\/metaverso.it\/website-2024\/works\/settori\/ict\/#breadcrumb\",\"itemListElement\":[{\"@type\":\"ListItem\",\"position\":1,\"name\":\"Home\",\"item\":\"https:\/\/metaverso.it\/website-2024\/\"},{\"@type\":\"ListItem\",\"position\":2,\"name\":\"Works\",\"item\":\"https:\/\/metaverso.it\/website-2024\/works\/\"},{\"@type\":\"ListItem\",\"position\":3,\"name\":\"Settori\",\"item\":\"https:\/\/metaverso.it\/website-2024\/works\/settori\/\"},{\"@type\":\"ListItem\",\"position\":4,\"name\":\"ICT\"}]},{\"@type\":\"WebSite\",\"@id\":\"https:\/\/metaverso.it\/website-2024\/#website\",\"url\":\"https:\/\/metaverso.it\/website-2024\/\",\"name\":\"Metaverso\",\"description\":\"Rendering, video, animazioni, realt\u00e0 virtuale, configuratori, realt\u00e0 aumentata. Treviso.\",\"publisher\":{\"@id\":\"https:\/\/metaverso.it\/website-2024\/#organization\"},\"potentialAction\":[{\"@type\":\"SearchAction\",\"target\":{\"@type\":\"EntryPoint\",\"urlTemplate\":\"https:\/\/metaverso.it\/website-2024\/?s={search_term_string}\"},\"query-input\":{\"@type\":\"PropertyValueSpecification\",\"valueRequired\":true,\"valueName\":\"search_term_string\"}}],\"inLanguage\":\"it-IT\"},{\"@type\":\"Organization\",\"@id\":\"https:\/\/metaverso.it\/website-2024\/#organization\",\"name\":\"Metaverso SNC\",\"url\":\"https:\/\/metaverso.it\/website-2024\/\",\"logo\":{\"@type\":\"ImageObject\",\"inLanguage\":\"it-IT\",\"@id\":\"https:\/\/metaverso.it\/website-2024\/#\/schema\/logo\/image\/\",\"url\":\"https:\/\/metaverso.it\/website-2024\/wp-content\/uploads\/2021\/03\/logo_metaverso_sito.png\",\"contentUrl\":\"https:\/\/metaverso.it\/website-2024\/wp-content\/uploads\/2021\/03\/logo_metaverso_sito.png\",\"width\":590,\"height\":80,\"caption\":\"Metaverso SNC\"},\"image\":{\"@id\":\"https:\/\/metaverso.it\/website-2024\/#\/schema\/logo\/image\/\"},\"sameAs\":[\"https:\/\/it-it.facebook.com\/metaverso3D\/\",\"https:\/\/www.instagram.com\/metaverso_3d\",\"https:\/\/it.linkedin.com\/company\/metaverso-snc\",\"https:\/\/www.pinterest.it\/metaverso\/\"]}]}<\/script>\n<!-- \/ Yoast SEO plugin. -->","yoast_head_json":{"title":"ICT | Metaverso - visualizzatori Web 3D, Realt\u00e0 Aumentata e Realt\u00e0 Virtuale","description":"Integriamo visualizzatori Web 3D, Realt\u00e0 Aumentata e Realt\u00e0 Virtuale con ERP, DAM e ogni tipo di applicazione online.","robots":{"index":"index","follow":"follow","max-snippet":"max-snippet:-1","max-image-preview":"max-image-preview:large","max-video-preview":"max-video-preview:-1"},"canonical":"https:\/\/metaverso.it\/website-2024\/works\/settori\/ict\/","og_locale":"it_IT","og_type":"article","og_title":"ICT | Metaverso - visualizzatori Web 3D, Realt\u00e0 Aumentata e Realt\u00e0 Virtuale","og_description":"Integriamo visualizzatori Web 3D, Realt\u00e0 Aumentata e Realt\u00e0 Virtuale con ERP, DAM e ogni tipo di applicazione online.","og_url":"https:\/\/metaverso.it\/website-2024\/works\/settori\/ict\/","og_site_name":"Metaverso","article_publisher":"https:\/\/it-it.facebook.com\/metaverso3D\/","article_modified_time":"2025-07-18T10:30:22+00:00","og_image":[{"width":1200,"height":630,"url":"https:\/\/metaverso.it\/website-2024\/wp-content\/uploads\/2021\/06\/Metaverso-Asolo-IT-Video-Rendering-applicazioni-interattive-AR-VR.jpg","type":"image\/jpeg"}],"twitter_card":"summary_large_image","twitter_misc":{"Tempo di lettura stimato":"1 minuto"},"schema":{"@context":"https:\/\/schema.org","@graph":[{"@type":"WebPage","@id":"https:\/\/metaverso.it\/website-2024\/works\/settori\/ict\/","url":"https:\/\/metaverso.it\/website-2024\/works\/settori\/ict\/","name":"ICT | Metaverso - visualizzatori Web 3D, Realt\u00e0 Aumentata e Realt\u00e0 Virtuale","isPartOf":{"@id":"https:\/\/metaverso.it\/website-2024\/#website"},"primaryImageOfPage":{"@id":"https:\/\/metaverso.it\/website-2024\/works\/settori\/ict\/#primaryimage"},"image":{"@id":"https:\/\/metaverso.it\/website-2024\/works\/settori\/ict\/#primaryimage"},"thumbnailUrl":"https:\/\/metaverso.it\/website-2024\/wp-content\/uploads\/2021\/06\/Metaverso-Asolo-IT-Video-Rendering-applicazioni-interattive-AR-VR.jpg","datePublished":"2021-02-26T18:04:16+00:00","dateModified":"2025-07-18T10:30:22+00:00","description":"Integriamo visualizzatori Web 3D, Realt\u00e0 Aumentata e Realt\u00e0 Virtuale con ERP, DAM e ogni tipo di applicazione online.","breadcrumb":{"@id":"https:\/\/metaverso.it\/website-2024\/works\/settori\/ict\/#breadcrumb"},"inLanguage":"it-IT","potentialAction":[{"@type":"ReadAction","target":["https:\/\/metaverso.it\/website-2024\/works\/settori\/ict\/"]}]},{"@type":"ImageObject","inLanguage":"it-IT","@id":"https:\/\/metaverso.it\/website-2024\/works\/settori\/ict\/#primaryimage","url":"https:\/\/metaverso.it\/website-2024\/wp-content\/uploads\/2021\/06\/Metaverso-Asolo-IT-Video-Rendering-applicazioni-interattive-AR-VR.jpg","contentUrl":"https:\/\/metaverso.it\/website-2024\/wp-content\/uploads\/2021\/06\/Metaverso-Asolo-IT-Video-Rendering-applicazioni-interattive-AR-VR.jpg","width":1200,"height":630,"caption":"Una prospettiva dall'alto in bianco e nero di un salotto moderno, apparentemente generato al computer, con due mani robotiche che fluttuano in primo piano. La mano robotica pi\u00f9 vicina, sulla sinistra, tiene in mano due pannelli quadrati, uno nero e uno bianco con texture granulosa. Sullo sfondo, un divano angolare \u00e8 evidenziato da un sottile contorno bianco luminescente. Un tappeto morbido copre gran parte del pavimento, sotto un tavolino rotondo con alcuni oggetti. Si intravedono anche altri mobili e piante, con l'ambiente che suggerisce un rendering architettonico o un'interfaccia di design 3D."},{"@type":"BreadcrumbList","@id":"https:\/\/metaverso.it\/website-2024\/works\/settori\/ict\/#breadcrumb","itemListElement":[{"@type":"ListItem","position":1,"name":"Home","item":"https:\/\/metaverso.it\/website-2024\/"},{"@type":"ListItem","position":2,"name":"Works","item":"https:\/\/metaverso.it\/website-2024\/works\/"},{"@type":"ListItem","position":3,"name":"Settori","item":"https:\/\/metaverso.it\/website-2024\/works\/settori\/"},{"@type":"ListItem","position":4,"name":"ICT"}]},{"@type":"WebSite","@id":"https:\/\/metaverso.it\/website-2024\/#website","url":"https:\/\/metaverso.it\/website-2024\/","name":"Metaverso","description":"Rendering, video, animazioni, realt\u00e0 virtuale, configuratori, realt\u00e0 aumentata. Treviso.","publisher":{"@id":"https:\/\/metaverso.it\/website-2024\/#organization"},"potentialAction":[{"@type":"SearchAction","target":{"@type":"EntryPoint","urlTemplate":"https:\/\/metaverso.it\/website-2024\/?s={search_term_string}"},"query-input":{"@type":"PropertyValueSpecification","valueRequired":true,"valueName":"search_term_string"}}],"inLanguage":"it-IT"},{"@type":"Organization","@id":"https:\/\/metaverso.it\/website-2024\/#organization","name":"Metaverso SNC","url":"https:\/\/metaverso.it\/website-2024\/","logo":{"@type":"ImageObject","inLanguage":"it-IT","@id":"https:\/\/metaverso.it\/website-2024\/#\/schema\/logo\/image\/","url":"https:\/\/metaverso.it\/website-2024\/wp-content\/uploads\/2021\/03\/logo_metaverso_sito.png","contentUrl":"https:\/\/metaverso.it\/website-2024\/wp-content\/uploads\/2021\/03\/logo_metaverso_sito.png","width":590,"height":80,"caption":"Metaverso SNC"},"image":{"@id":"https:\/\/metaverso.it\/website-2024\/#\/schema\/logo\/image\/"},"sameAs":["https:\/\/it-it.facebook.com\/metaverso3D\/","https:\/\/www.instagram.com\/metaverso_3d","https:\/\/it.linkedin.com\/company\/metaverso-snc","https:\/\/www.pinterest.it\/metaverso\/"]}]}},"_links":{"self":[{"href":"https:\/\/metaverso.it\/website-2024\/wp-json\/wp\/v2\/pages\/2082","targetHints":{"allow":["GET"]}}],"collection":[{"href":"https:\/\/metaverso.it\/website-2024\/wp-json\/wp\/v2\/pages"}],"about":[{"href":"https:\/\/metaverso.it\/website-2024\/wp-json\/wp\/v2\/types\/page"}],"author":[{"embeddable":true,"href":"https:\/\/metaverso.it\/website-2024\/wp-json\/wp\/v2\/users\/3"}],"replies":[{"embeddable":true,"href":"https:\/\/metaverso.it\/website-2024\/wp-json\/wp\/v2\/comments?post=2082"}],"version-history":[{"count":38,"href":"https:\/\/metaverso.it\/website-2024\/wp-json\/wp\/v2\/pages\/2082\/revisions"}],"predecessor-version":[{"id":5409,"href":"https:\/\/metaverso.it\/website-2024\/wp-json\/wp\/v2\/pages\/2082\/revisions\/5409"}],"up":[{"embeddable":true,"href":"https:\/\/metaverso.it\/website-2024\/wp-json\/wp\/v2\/pages\/27"}],"wp:featuredmedia":[{"embeddable":true,"href":"https:\/\/metaverso.it\/website-2024\/wp-json\/wp\/v2\/media\/2825"}],"wp:attachment":[{"href":"https:\/\/metaverso.it\/website-2024\/wp-json\/wp\/v2\/media?parent=2082"}],"curies":[{"name":"wp","href":"https:\/\/api.w.org\/{rel}","templated":true}]}}